{"id":530,"date":"2020-06-16T05:06:04","date_gmt":"2020-06-16T05:06:04","guid":{"rendered":"https:\/\/galltzacker.com\/rights\/?page_id=530"},"modified":"2022-08-19T20:28:12","modified_gmt":"2022-08-19T20:28:12","slug":"justin-a-reynolds","status":"publish","type":"page","link":"https:\/\/galltzacker.com\/rights\/justin-a-reynolds\/","title":{"rendered":"Justin A. Reynolds"},"content":{"rendered":"<div data-post-id=\"2519\" class=\"insert-page insert-page-2519 \">\n\n<!-- CONTENT -->\n<section class=\"padding-vert10\">\n  <div class=\"container nopadding\">\n    <!-- BOOK -->\n    <div class=\"row\">\n      <div class=\"col-md-4\">\n        <p>\n                    <img decoding=\"async\" src=\"https:\/\/galltzacker.com\/rights\/wp-content\/uploads\/2023\/01\/House-Party-final-cover.jpg\" class=\"img-fluid\" alt=\"GZLA\" \/>\n        <\/p>\n\n              <\/div>\n\n      <div class=\"col-md-8 margin-top-mobile\">\n        <p class=\"series-title\"><\/p>\n        <h3 class=\"book-heading\">HOUSE PARTY<\/h3>\n        <p class=\"book-details\">\n          June 2023,\n          Joy Revolution\/Random House,\n          384 pp        <\/p>\n\n        <div class=\"margin-top20\"><div class=\"printfriendly pf-button pf-button-content pf-alignright\">\n                    <a href=\"#\" rel=\"nofollow\" onclick=\"window.print(); return false;\" title=\"Printer Friendly, PDF & Email\">\n                    \n                    <\/a>\n                <\/div><p class=\"_04xlpA direction-ltr align-start para-style-title\"><span class=\"JsGRdQ\">Welcome to HOUSE PARTY! <\/span><span class=\"JsGRdQ\">The biggest event of the year is happening tonight, and you\u2019re invited! Join us for Florence Hills High seniors\u2019 last hurrah before graduation.<\/span><\/p>\r\n<p class=\"_04xlpA direction-ltr align-start para-style-title\"><span class=\"JsGRdQ\">Over a few wild, transformative hours, all the drama ensues. Kisses are swapped between old friends, new friends, and could\u2019ve-sworn-they-were-enemies kind of friends. Relationships get tested. Animals roam free. Plastic cups overflow while secrets are spilled. Add dope music that\u2019s thumping, and there\u2019s a good chance the whole neighborhood will be disrupted.<\/span><\/p>\r\n<p class=\"_04xlpA direction-ltr align-start para-style-title\"><span class=\"JsGRdQ\">Told from interwoven perspectives, and written by ten bestselling and critically acclaimed authors, House Party follows a group of teens as they get ready to say goodbye to high school and hello to the next chapter in their lives. Each classmate is prepared to make this night one to remember.<\/span><\/p>\r\n<p class=\"_04xlpA direction-ltr align-start para-style-title\"><strong><span class=\"JsGRdQ\">Featuring:<br \/>\r\n<\/span><\/strong>Justin A. Reynolds<span class=\"JsGRdQ\"> (Editor, Contributor)<br \/>\r\n<\/span>Angeline Boulley<br \/>\r\nJerry Craft<br \/>\r\nNatasha Diaz<br \/>\r\nLamar Giles<br \/>\r\nRyan La Sala<br \/>\r\nJasmine Warga<br \/>\r\nRandy Ribay<br \/>\r\nChristina Hammonds Reed<br \/>\r\nYamile Saied M\u00e9ndez<\/p><\/div>\n\n        \n\n                <p class=\"book-reviews\">STARRED REVIEWS<\/p><p><strong>BOOKLIST<\/strong> &#8211; &#8220;This book is the perfect tool for harnessing empathy. It shows the world that no matter your identity or culture, you are still worthy of love, hope, and the promise of a good time.&#8221;<\/p>\n\n        \n        \n        \n                <p class=\"book-rights\">DRAMATIC RIGHTS<\/p><p><span class=\"OYPEnA text-decoration-none text-strikethrough-none\">Please contact Dana Spector at CAA<\/span><span class=\"OYPEnA text-decoration-none text-strikethrough-none\">.<\/span><\/p>\n\n        \n        \n        <hr \/>\n\n        <!--\/START AGENT Active-->\n\n        <p class=\"book-tags-start\"><i class=\"far fa-user-secret\"><\/i><\/p>\n\n        \n        <p class=\"ul-inline\">\n          <a href=\"https:\/\/galltzacker.com\/rights\/?literary_agent=beth-phelan\" title=\"Beth Phelan\" class=\"book-tags-agent 'beth-phelan'\">Beth Phelan<\/a>\n        <\/p>\n\n        \n        <!-- \/END AGENT Active-->\n\n        <br \/>\n\n        <!--\/START CATEGORY Active-->\n\n        <p class=\"book-tags-start\"><i class=\"far fa-bookmark\"><\/i><\/p>\n\n        \n        <p class=\"ul-inline\">\n          <a href=\"https:\/\/galltzacker.com\/rights\/category\/young-adult\/\" title=\"Young Adult\" class=\"book-type 'young-adult'\">Young Adult<\/a>\n        <\/p>\n\n        \n        <!-- \/END CATEGORY Active-->\n\n        <br \/>\n\n        <!--\/START TAGS Active-->\n\n        <p class=\"book-tags-start\"><i class=\"far fa-tags\"><\/i><\/p>\n\n        \n        <p class=\"ul-inline\">\n          <a href=\"https:\/\/galltzacker.com\/rights\/tag\/anthology\/\" title=\"Anthology\" class=\"book-tags 'anthology'\">Anthology<\/a>\n        <\/p>\n\n        \n        <p class=\"ul-inline\">\n          <a href=\"https:\/\/galltzacker.com\/rights\/tag\/coming-of-age\/\" title=\"Coming-of-Age\" class=\"book-tags 'coming-of-age'\">Coming-of-Age<\/a>\n        <\/p>\n\n        \n        <p class=\"ul-inline\">\n          <a href=\"https:\/\/galltzacker.com\/rights\/tag\/contemporary\/\" title=\"Contemporary\" class=\"book-tags 'contemporary'\">Contemporary<\/a>\n        <\/p>\n\n        \n        <p class=\"ul-inline\">\n          <a href=\"https:\/\/galltzacker.com\/rights\/tag\/diverse\/\" title=\"Diverse\" class=\"book-tags 'diverse'\">Diverse<\/a>\n        <\/p>\n\n        \n        <p class=\"ul-inline\">\n          <a href=\"https:\/\/galltzacker.com\/rights\/tag\/lgbtqia\/\" title=\"LGBTQIA+\" class=\"book-tags 'lgbtqia'\">LGBTQIA+<\/a>\n        <\/p>\n\n        \n        <p class=\"ul-inline\">\n          <a href=\"https:\/\/galltzacker.com\/rights\/tag\/realistic\/\" title=\"Realistic\" class=\"book-tags 'realistic'\">Realistic<\/a>\n        <\/p>\n\n        \n        <p class=\"ul-inline\">\n          <a href=\"https:\/\/galltzacker.com\/rights\/tag\/romance\/\" title=\"Romance\" class=\"book-tags 'romance'\">Romance<\/a>\n        <\/p>\n\n        \n        <!-- \/END TAGS Active-->\n\n        <br \/>\n\n        <!--\/START RIGHTS Active-->\n\n        <p class=\"book-tags-start\"><i class=\"far fa-map-marker-alt\"><\/i><\/p>\n\n        \n        <p class=\"ul-inline\">\n          <a href=\"https:\/\/galltzacker.com\/rights\/?rights_available=dramatic\" title=\"Dramatic\" class=\"book-tags-rights 'dramatic'\">Dramatic<\/a>\n        <\/p>\n\n        \n        <p class=\"ul-inline\">\n          <a href=\"https:\/\/galltzacker.com\/rights\/?rights_available=translation\" title=\"Translation\" class=\"book-tags-rights 'translation'\">Translation<\/a>\n        <\/p>\n\n        \n        <!-- \/END RIGHTS Active-->\n      <\/div>\n    <\/div>\n  <\/div>\n<\/section>\n<!-- \/CONTENT -->\n\n<\/div>\r\n\r\n<div data-post-id=\"815\" class=\"insert-page insert-page-815 \">\n\n<!-- CONTENT -->\n<section class=\"padding-vert10\">\n  <div class=\"container nopadding\">\n    <!-- BOOK -->\n    <div class=\"row\">\n      <div class=\"col-md-4\">\n        <p>\n                    <img decoding=\"async\" src=\"https:\/\/galltzacker.com\/rights\/wp-content\/uploads\/2020\/06\/reynolds.jpg\" class=\"img-fluid\" alt=\"GZLA\" \/>\n        <\/p>\n\n                <div class=\"embed-responsive embed-responsive-16by9\">\n          <p class=\"embed-responsive-item\">\n            <iframe loading=\"lazy\" title=\"Justin A  Reynolds EARLY DEPARTURES\" width=\"640\" height=\"360\" src=\"https:\/\/www.youtube.com\/embed\/0b2l-U2RfCM?feature=oembed\" frameborder=\"0\" allow=\"accelerometer; autoplay; clipboard-write; encrypted-media; gyroscope; picture-in-picture; web-share\" referrerpolicy=\"strict-origin-when-cross-origin\" allowfullscreen><\/iframe>          <\/p>\n        <\/div>\n              <\/div>\n\n      <div class=\"col-md-8 margin-top-mobile\">\n        <p class=\"series-title\"><\/p>\n        <h3 class=\"book-heading\">EARLY DEPARTURES<\/h3>\n        <p class=\"book-details\">\n          September 2020,\n          Katherine Tegen\/HarperCollins,\n          320 pp        <\/p>\n\n        <div class=\"margin-top20\"><div class=\"printfriendly pf-button pf-button-content pf-alignright\">\n                    <a href=\"#\" rel=\"nofollow\" onclick=\"window.print(); return false;\" title=\"Printer Friendly, PDF & Email\">\n                    \n                    <\/a>\n                <\/div><p class=\"p1\">Jamal\u2019s best friend Q does not know he\u2019s about to die . . . again.<\/p>\r\n<p class=\"p1\">He also doesn\u2019t know that Jamal tried to save his life, rescuing him from drowning only to watch Q die in the hospital. Even more complicated, Jamal and Q haven\u2019t been best friends in two years\u2014not since Jamal\u2019s parents died in a car accident for which Jamal blames Q. But a new healthcare technology allows Q to be reanimated\u2014brought back to life like the old Q. Here\u2019s the catch: Q will only reanimate for a short time before he dies . . . forever, this time.<\/p>\r\n<p class=\"p1\">Jamal is determined to make things right with Q, but grief is hard to shake. And Q\u2019s mother won\u2019t let anyone tell Q he died and ruin the miracle, so Q doesn\u2019t understand why Jamal is suddenly trying to be his friend. With the clock ticking, how can Jamal fix his friendship with Q if he can\u2019t tell him the truth?<\/p>\r\n<p class=\"p1\">Justin A. Reynolds weaves together loss, grief, friendship, and love to form a wholly unique homage to the bonds that bring people together for life\u2014and beyond.<\/p><\/div>\n\n        \n\n                <p class=\"book-reviews\">STARRED REVIEWS<\/p><p><strong>KIRKUS<\/strong> &#8211; &#8220;This thoroughly satisfying novel of love, loss, and reconciliation is not to be missed.&#8221;<\/p>\n<p><strong>BOOKLIST<\/strong> &#8211; &#8220;This sophomore novel is a virtuoso performance.&#8221;<\/p>\n<p><strong>SCHOOL LIBRARY JOURNAL<\/strong> &#8211; \u201cHighly recommended for anyone who is searching for light at the end of the tunnel.&#8221;<\/p>\n\n        \n                <p class=\"book-reviews\">ACCOLADES<ul>\n<li>Junior Library Guild Selection<\/li>\n<li>A Kirkus Reviews Best YA Book of 2020<\/li>\n<\/ul>\n<\/p>\n        \n                <p class=\"book-rights\">INTERNATIONAL RIGHTS\n<table id=\"tablepress-10-no-2\" class=\"tablepress tablepress-id-10\">\n<tbody>\n<tr class=\"row-1\">\n\t<td class=\"column-1\">Arabic<\/td><td class=\"column-2\">Aser Al-Kotob<\/td>\n<\/tr>\n<tr class=\"row-2\">\n\t<td class=\"column-1\">French<\/td><td class=\"column-2\">Pocket Jeunesse<\/td>\n<\/tr>\n<tr class=\"row-3\">\n\t<td class=\"column-1\">Italian<\/td><td class=\"column-2\">Mondadori Edizioni Piemme<\/td>\n<\/tr>\n<tr class=\"row-4\">\n\t<td class=\"column-1\">Spanish<\/td><td class=\"column-2\">Montena\/Penguin Random House Spain<\/td>\n<\/tr>\n<tr class=\"row-5\">\n\t<td class=\"column-1\">Turkish<\/td><td class=\"column-2\">Pegasus<\/td>\n<\/tr>\n<tr class=\"row-6\">\n\t<td class=\"column-1\">UK<\/td><td class=\"column-2\">Macmillan UK (rights sold by Gemma Cooper at the Bent Agency)<\/td>\n<\/tr>\n<\/tbody>\n<\/table>\n<!-- #tablepress-10-no-2 from cache -->\n<\/p>\n        \n        \n        \n        <hr \/>\n\n        <!--\/START AGENT Active-->\n\n        <p class=\"book-tags-start\"><i class=\"far fa-user-secret\"><\/i><\/p>\n\n        \n        <p class=\"ul-inline\">\n          <a href=\"https:\/\/galltzacker.com\/rights\/?literary_agent=beth-phelan\" title=\"Beth Phelan\" class=\"book-tags-agent 'beth-phelan'\">Beth Phelan<\/a>\n        <\/p>\n\n        \n        <!-- \/END AGENT Active-->\n\n        <br \/>\n\n        <!--\/START CATEGORY Active-->\n\n        <p class=\"book-tags-start\"><i class=\"far fa-bookmark\"><\/i><\/p>\n\n        \n        <p class=\"ul-inline\">\n          <a href=\"https:\/\/galltzacker.com\/rights\/category\/young-adult\/\" title=\"Young Adult\" class=\"book-type 'young-adult'\">Young Adult<\/a>\n        <\/p>\n\n        \n        <!-- \/END CATEGORY Active-->\n\n        <br \/>\n\n        <!--\/START TAGS Active-->\n\n        <p class=\"book-tags-start\"><i class=\"far fa-tags\"><\/i><\/p>\n\n        \n        <p class=\"ul-inline\">\n          <a href=\"https:\/\/galltzacker.com\/rights\/tag\/contemporary\/\" title=\"Contemporary\" class=\"book-tags 'contemporary'\">Contemporary<\/a>\n        <\/p>\n\n        \n        <p class=\"ul-inline\">\n          <a href=\"https:\/\/galltzacker.com\/rights\/tag\/diverse\/\" title=\"Diverse\" class=\"book-tags 'diverse'\">Diverse<\/a>\n        <\/p>\n\n        \n        <p class=\"ul-inline\">\n          <a href=\"https:\/\/galltzacker.com\/rights\/tag\/family\/\" title=\"Family\" class=\"book-tags 'family'\">Family<\/a>\n        <\/p>\n\n        \n        <p class=\"ul-inline\">\n          <a href=\"https:\/\/galltzacker.com\/rights\/tag\/friendship\/\" title=\"Friendship\" class=\"book-tags 'friendship'\">Friendship<\/a>\n        <\/p>\n\n        \n        <p class=\"ul-inline\">\n          <a href=\"https:\/\/galltzacker.com\/rights\/tag\/genre-bending\/\" title=\"Genre-Bending\" class=\"book-tags 'genre-bending'\">Genre-Bending<\/a>\n        <\/p>\n\n        \n        <p class=\"ul-inline\">\n          <a href=\"https:\/\/galltzacker.com\/rights\/tag\/realistic\/\" title=\"Realistic\" class=\"book-tags 'realistic'\">Realistic<\/a>\n        <\/p>\n\n        \n        <p class=\"ul-inline\">\n          <a href=\"https:\/\/galltzacker.com\/rights\/tag\/speculative\/\" title=\"Speculative\" class=\"book-tags 'speculative'\">Speculative<\/a>\n        <\/p>\n\n        \n        <!-- \/END TAGS Active-->\n\n        <br \/>\n\n        <!--\/START RIGHTS Active-->\n\n        <p class=\"book-tags-start\"><i class=\"far fa-map-marker-alt\"><\/i><\/p>\n\n        \n        <p class=\"ul-inline\">\n          <a href=\"https:\/\/galltzacker.com\/rights\/?rights_available=dramatic\" title=\"Dramatic\" class=\"book-tags-rights 'dramatic'\">Dramatic<\/a>\n        <\/p>\n\n        \n        <p class=\"ul-inline\">\n          <a href=\"https:\/\/galltzacker.com\/rights\/?rights_available=translation\" title=\"Translation\" class=\"book-tags-rights 'translation'\">Translation<\/a>\n        <\/p>\n\n        \n        <!-- \/END RIGHTS Active-->\n      <\/div>\n    <\/div>\n  <\/div>\n<\/section>\n<!-- \/CONTENT -->\n\n<\/div>\r\n\r\n<div data-post-id=\"1565\" class=\"insert-page insert-page-1565 \">\n\n<!-- CONTENT -->\n<section class=\"padding-vert10\">\n  <div class=\"container nopadding\">\n    <!-- BOOK -->\n    <div class=\"row\">\n      <div class=\"col-md-4\">\n        <p>\n                    <img decoding=\"async\" src=\"https:\/\/galltzacker.com\/rights\/wp-content\/uploads\/2020\/07\/Reynolds-OPPOSITE-OF-ALWAYS.jpg\" class=\"img-fluid\" alt=\"GZLA\" \/>\n        <\/p>\n\n              <\/div>\n\n      <div class=\"col-md-8 margin-top-mobile\">\n        <p class=\"series-title\"><\/p>\n        <h3 class=\"book-heading\">OPPOSITE OF ALWAYS<\/h3>\n        <p class=\"book-details\">\n          March 2019,\n          Katherine Tegen\/HarperCollins,\n          464 pp        <\/p>\n\n        <div class=\"margin-top20\"><div class=\"printfriendly pf-button pf-button-content pf-alignright\">\n                    <a href=\"#\" rel=\"nofollow\" onclick=\"window.print(); return false;\" title=\"Printer Friendly, PDF & Email\">\n                    \n                    <\/a>\n                <\/div>Debut author Justin A. Reynolds delivers a hilarious and heartfelt novel about the choices we make, the people we choose, and the moments that make a life worth reliving. Perfect for fans of Nicola Yoon and John Green.\r\n\r\nWhen Jack and Kate meet at a party, bonding until sunrise over their mutual love of Froot Loops and their favorite flicks, Jack knows he\u2019s falling\u2014hard. But then Kate dies. And their story should end there.\r\n\r\nYet Kate\u2019s death sends Jack time-traveling back to the moment they first meet, and Kate\u2019s there again, healthy, happy, and charming as ever. Jack isn\u2019t sure if he\u2019s losing his mind. But if he has a chance to prevent Kate\u2019s death, he\u2019ll take it. Jack soon learns that his actions are not without consequences and when one choice turns deadly for someone else close to him, he has to figure out what he\u2019s willing to do to save the people he loves.<\/div>\n\n        \n\n                <p class=\"book-reviews\">STARRED REVIEWS<\/p><p><strong>SCHOOL LIBRARY JOURNAL<\/strong> &#8211; &#8220;This is a love story about friendship with a &#8220;choose your own adventure&#8221; twist.&#8221;<\/p>\n<p><strong>BOOKLIST<\/strong> &#8211; &#8220;&#8230;this charming, wry novel packed with witty, crackling banter is propulsively readable.&#8221;<\/p>\n\n        \n                <p class=\"book-reviews\">ACCOLADES<ul>\n<li>Spring 2019 ABA Indies Introduce pick<\/li>\n<li>Indies Introduce Top Ten Debut<\/li>\n<li>A School Library Journal best book of 2019<\/li>\n<li>Chicago Public Library Best of the Best Books of 2019<\/li>\n<\/ul>\n<\/p>\n        \n                <p class=\"book-rights\">INTERNATIONAL RIGHTS\n<table id=\"tablepress-50-no-2\" class=\"tablepress tablepress-id-50\">\n<tbody>\n<tr class=\"row-1\">\n\t<td class=\"column-1\">Arabic<\/td><td class=\"column-2\">Aser-Elkotob<\/td>\n<\/tr>\n<tr class=\"row-2\">\n\t<td class=\"column-1\">Chinese<\/td><td class=\"column-2\">Beijing White Horse<\/td>\n<\/tr>\n<tr class=\"row-3\">\n\t<td class=\"column-1\">Czech<\/td><td class=\"column-2\">Albatros<\/td>\n<\/tr>\n<tr class=\"row-4\">\n\t<td class=\"column-1\">Dutch<\/td><td class=\"column-2\">HarperCollins<\/td>\n<\/tr>\n<tr class=\"row-5\">\n\t<td class=\"column-1\">French<\/td><td class=\"column-2\">Pocket Jeunesse<\/td>\n<\/tr>\n<tr class=\"row-6\">\n\t<td class=\"column-1\">German<\/td><td class=\"column-2\">Carlsen<\/td>\n<\/tr>\n<tr class=\"row-7\">\n\t<td class=\"column-1\">Greek<\/td><td class=\"column-2\">Psichogios<\/td>\n<\/tr>\n<tr class=\"row-8\">\n\t<td class=\"column-1\">Hungarian<\/td><td class=\"column-2\">K\u00f6nyvmolyk\u00e9pz\u0151<\/td>\n<\/tr>\n<tr class=\"row-9\">\n\t<td class=\"column-1\">Italian<\/td><td class=\"column-2\">Edizioni Piemme<\/td>\n<\/tr>\n<tr class=\"row-10\">\n\t<td class=\"column-1\">Polish<\/td><td class=\"column-2\">Zysk<\/td>\n<\/tr>\n<tr class=\"row-11\">\n\t<td class=\"column-1\">Portuguese\/Portugal<\/td><td class=\"column-2\">Presenca<\/td>\n<\/tr>\n<tr class=\"row-12\">\n\t<td class=\"column-1\">Romanian<\/td><td class=\"column-2\">Epica<\/td>\n<\/tr>\n<tr class=\"row-13\">\n\t<td class=\"column-1\">Russian<\/td><td class=\"column-2\">AST<\/td>\n<\/tr>\n<tr class=\"row-14\">\n\t<td class=\"column-1\">Serbian<\/td><td class=\"column-2\">Publik<\/td>\n<\/tr>\n<tr class=\"row-15\">\n\t<td class=\"column-1\">Slovak<\/td><td class=\"column-2\">Albatros<\/td>\n<\/tr>\n<tr class=\"row-16\">\n\t<td class=\"column-1\">Spanish<\/td><td class=\"column-2\">Montena\/Penguin Random House Spain<\/td>\n<\/tr>\n<tr class=\"row-17\">\n\t<td class=\"column-1\">Taiwan<\/td><td class=\"column-2\">Delight Press<\/td>\n<\/tr>\n<tr class=\"row-18\">\n\t<td class=\"column-1\">Turkish<\/td><td class=\"column-2\">Pegasus<\/td>\n<\/tr>\n<tr class=\"row-19\">\n\t<td class=\"column-1\">UK<\/td><td class=\"column-2\">Macmillan UK (rights sold by Gemma Cooper at the Bent Agency)<\/td>\n<\/tr>\n<\/tbody>\n<\/table>\n<!-- #tablepress-50-no-2 from cache -->\n<\/p>\n        \n                <p class=\"book-rights\">DRAMATIC RIGHTS<\/p><p>Represented by Dana Spector at CAA and optioned by Paramount Players<\/p>\n\n        \n                <p class=\"book-note\">\n          NOTE:\n          Sold at auction. Digital comic book rights sold to Webtoons (via Publisher). Audio exploited by Publisher.        <\/p>\n        \n        <hr \/>\n\n        <!--\/START AGENT Active-->\n\n        <p class=\"book-tags-start\"><i class=\"far fa-user-secret\"><\/i><\/p>\n\n        \n        <p class=\"ul-inline\">\n          <a href=\"https:\/\/galltzacker.com\/rights\/?literary_agent=beth-phelan\" title=\"Beth Phelan\" class=\"book-tags-agent 'beth-phelan'\">Beth Phelan<\/a>\n        <\/p>\n\n        \n        <!-- \/END AGENT Active-->\n\n        <br \/>\n\n        <!--\/START CATEGORY Active-->\n\n        <p class=\"book-tags-start\"><i class=\"far fa-bookmark\"><\/i><\/p>\n\n        \n        <p class=\"ul-inline\">\n          <a href=\"https:\/\/galltzacker.com\/rights\/category\/young-adult\/\" title=\"Young Adult\" class=\"book-type 'young-adult'\">Young Adult<\/a>\n        <\/p>\n\n        \n        <!-- \/END CATEGORY Active-->\n\n        <br \/>\n\n        <!--\/START TAGS Active-->\n\n        <p class=\"book-tags-start\"><i class=\"far fa-tags\"><\/i><\/p>\n\n        \n        <p class=\"ul-inline\">\n          <a href=\"https:\/\/galltzacker.com\/rights\/tag\/contemporary\/\" title=\"Contemporary\" class=\"book-tags 'contemporary'\">Contemporary<\/a>\n        <\/p>\n\n        \n        <p class=\"ul-inline\">\n          <a href=\"https:\/\/galltzacker.com\/rights\/tag\/humor\/\" title=\"Humor\" class=\"book-tags 'humor'\">Humor<\/a>\n        <\/p>\n\n        \n        <p class=\"ul-inline\">\n          <a href=\"https:\/\/galltzacker.com\/rights\/tag\/romance\/\" title=\"Romance\" class=\"book-tags 'romance'\">Romance<\/a>\n        <\/p>\n\n        \n        <p class=\"ul-inline\">\n          <a href=\"https:\/\/galltzacker.com\/rights\/tag\/speculative\/\" title=\"Speculative\" class=\"book-tags 'speculative'\">Speculative<\/a>\n        <\/p>\n\n        \n        <!-- \/END TAGS Active-->\n\n        <br \/>\n\n        <!--\/START RIGHTS Active-->\n\n        <p class=\"book-tags-start\"><i class=\"far fa-map-marker-alt\"><\/i><\/p>\n\n        \n        <p class=\"ul-inline\">\n          <a href=\"https:\/\/galltzacker.com\/rights\/?rights_available=translation\" title=\"Translation\" class=\"book-tags-rights 'translation'\">Translation<\/a>\n        <\/p>\n\n        \n        <!-- \/END RIGHTS Active-->\n      <\/div>\n    <\/div>\n  <\/div>\n<\/section>\n<!-- \/CONTENT -->\n\n<\/div>","protected":false},"excerpt":{"rendered":"","protected":false},"author":[180],"featured_media":0,"parent":0,"menu_order":0,"comment_status":"closed","ping_status":"closed","template":"content_full_width.php","meta":{"_acf_changed":false,"footnotes":""},"categories":[],"tags":[],"rights_available":[],"literary_agent":[],"publication_year":[],"class_list":["post-530","page","type-page","status-publish","hentry","author-justin-a-reynolds"],"acf":[],"_links":{"self":[{"href":"https:\/\/galltzacker.com\/rights\/wp-json\/wp\/v2\/pages\/530"}],"collection":[{"href":"https:\/\/galltzacker.com\/rights\/wp-json\/wp\/v2\/pages"}],"about":[{"href":"https:\/\/galltzacker.com\/rights\/wp-json\/wp\/v2\/types\/page"}],"author":[{"embeddable":true,"href":"https:\/\/galltzacker.com\/rights\/wp-json\/wp\/v2\/users\/1"}],"replies":[{"embeddable":true,"href":"https:\/\/galltzacker.com\/rights\/wp-json\/wp\/v2\/comments?post=530"}],"version-history":[{"count":6,"href":"https:\/\/galltzacker.com\/rights\/wp-json\/wp\/v2\/pages\/530\/revisions"}],"predecessor-version":[{"id":2522,"href":"https:\/\/galltzacker.com\/rights\/wp-json\/wp\/v2\/pages\/530\/revisions\/2522"}],"wp:attachment":[{"href":"https:\/\/galltzacker.com\/rights\/wp-json\/wp\/v2\/media?parent=530"}],"wp:term":[{"taxonomy":"category","embeddable":true,"href":"https:\/\/galltzacker.com\/rights\/wp-json\/wp\/v2\/categories?post=530"},{"taxonomy":"post_tag","embeddable":true,"href":"https:\/\/galltzacker.com\/rights\/wp-json\/wp\/v2\/tags?post=530"},{"taxonomy":"rights_available","embeddable":true,"href":"https:\/\/galltzacker.com\/rights\/wp-json\/wp\/v2\/rights_available?post=530"},{"taxonomy":"author","embeddable":true,"href":"https:\/\/galltzacker.com\/rights\/wp-json\/wp\/v2\/author?post=530"},{"taxonomy":"literary_agent","embeddable":true,"href":"https:\/\/galltzacker.com\/rights\/wp-json\/wp\/v2\/literary_agent?post=530"},{"taxonomy":"publication_year","embeddable":true,"href":"https:\/\/galltzacker.com\/rights\/wp-json\/wp\/v2\/publication_year?post=530"}],"curies":[{"name":"wp","href":"https:\/\/api.w.org\/{rel}","templated":true}]}}